{"id":296,"date":"2023-04-19T18:37:41","date_gmt":"2023-04-19T16:37:41","guid":{"rendered":"https:\/\/www.zimmerei-vulturius.de\/wordpress1\/?page_id=296"},"modified":"2025-06-23T11:32:46","modified_gmt":"2025-06-23T09:32:46","slug":"datenschutz","status":"publish","type":"page","link":"https:\/\/kurt-world.de\/?page_id=296","title":{"rendered":"Datenschutzerkl\u00e4rung"},"content":{"rendered":"\t\t<div data-elementor-type=\"wp-page\" data-elementor-id=\"296\" class=\"elementor elementor-296\">\n\t\t\t\t<div class=\"elementor-element elementor-element-9ebb08d e-flex e-con-boxed e-con e-parent\" data-id=\"9ebb08d\" data-element_type=\"container\" data-e-type=\"container\">\n\t\t\t\t\t<div class=\"e-con-inner\">\n\t\t\t\t<div class=\"elementor-element elementor-element-51693d2 elementor-widget elementor-widget-text-editor\" data-id=\"51693d2\" data-element_type=\"widget\" data-e-type=\"widget\" data-widget_type=\"text-editor.default\">\n\t\t\t\t<div class=\"elementor-widget-container\">\n\t\t\t\t\t\t\t\t\t<h2 data-start=\"241\" data-end=\"264\">Datenschutzerkl\u00e4rung<\/h2><h3 data-start=\"266\" data-end=\"294\">1. Allgemeine Hinweise<\/h3><p data-start=\"295\" data-end=\"511\">Der Schutz Ihrer pers\u00f6nlichen Daten ist uns ein besonderes Anliegen. Wir behandeln Ihre personenbezogenen Daten vertraulich und entsprechend der gesetzlichen Datenschutzvorschriften sowie dieser Datenschutzerkl\u00e4rung.<\/p><p data-start=\"513\" data-end=\"785\">Wenn Sie diese Website benutzen, werden verschiedene personenbezogene Daten erhoben. Personenbezogene Daten sind Daten, mit denen Sie pers\u00f6nlich identifiziert werden k\u00f6nnen. Die vorliegende Datenschutzerkl\u00e4rung erl\u00e4utert, welche Daten wir erheben und wof\u00fcr wir sie nutzen.<\/p><h3 data-start=\"787\" data-end=\"812\">2. Verantwortlicher<\/h3><p data-start=\"813\" data-end=\"881\"><strong data-start=\"813\" data-end=\"881\">Verantwortlich f\u00fcr die Datenverarbeitung auf dieser Website ist:<\/strong><\/p><p data-start=\"883\" data-end=\"964\">K\u00f6tter Marcel<br data-start=\"911\" data-end=\"914\" \/>Talsperrenweg 12<br data-start=\"925\" data-end=\"928\" \/>marcel.koetter@web.de<\/p><p data-start=\"883\" data-end=\"964\">Tel: +491726822079<\/p><h3 data-start=\"966\" data-end=\"982\">3. Hosting<\/h3><p data-start=\"983\" data-end=\"1110\">Diese Website wird bei <strong data-start=\"1006\" data-end=\"1019\">STRATO AG<\/strong>, Otto-Ostrowski-Stra\u00dfe 7, 10249 Berlin, gehostet. Die Server befinden sich in Deutschland.<\/p><p data-start=\"1112\" data-end=\"1234\">Strato speichert bei jedem Zugriff auf diese Webseite sogenannte <strong data-start=\"1177\" data-end=\"1196\">Server-Logfiles<\/strong>. Folgende Daten werden protokolliert:<\/p><ul data-start=\"1236\" data-end=\"1489\"><li data-start=\"1236\" data-end=\"1256\"><p data-start=\"1238\" data-end=\"1256\">Besuchte Website<\/p><\/li><li data-start=\"1257\" data-end=\"1296\"><p data-start=\"1259\" data-end=\"1296\">Uhrzeit zum Zeitpunkt des Zugriffes<\/p><\/li><li data-start=\"1297\" data-end=\"1335\"><p data-start=\"1299\" data-end=\"1335\">Menge der gesendeten Daten in Byte<\/p><\/li><li data-start=\"1336\" data-end=\"1395\"><p data-start=\"1338\" data-end=\"1395\">Quelle\/Verweis, von welchem Sie auf die Seite gelangten<\/p><\/li><li data-start=\"1396\" data-end=\"1419\"><p data-start=\"1398\" data-end=\"1419\">Verwendeter Browser<\/p><\/li><li data-start=\"1420\" data-end=\"1450\"><p data-start=\"1422\" data-end=\"1450\">Verwendetes Betriebssystem<\/p><\/li><li data-start=\"1451\" data-end=\"1489\"><p data-start=\"1453\" data-end=\"1489\">Verwendete IP-Adresse (anonymisiert)<\/p><\/li><\/ul><p data-start=\"1491\" data-end=\"1663\">Die Daten werden aus Sicherheitsgr\u00fcnden (z.\u202fB. zur Aufkl\u00e4rung von Missbrauchs- oder Betrugshandlungen) f\u00fcr maximal 7 Tage gespeichert und danach anonymisiert oder gel\u00f6scht.<\/p><p data-start=\"1665\" data-end=\"1810\">Die Verarbeitung erfolgt gem\u00e4\u00df Art. 6 Abs. 1 lit. f DSGVO auf Basis unseres berechtigten Interesses an der Stabilit\u00e4t und Sicherheit der Website.<\/p><h3 data-start=\"1812\" data-end=\"1850\">4. SSL- bzw. TLS-Verschl\u00fcsselung<\/h3><p data-start=\"1851\" data-end=\"2036\">Diese Seite nutzt aus Sicherheitsgr\u00fcnden eine SSL- bzw. TLS-Verschl\u00fcsselung. Eine verschl\u00fcsselte Verbindung erkennen Sie daran, dass die Adresszeile des Browsers mit \u201ehttps:\/\/\u201c beginnt.<\/p><h3 data-start=\"2038\" data-end=\"2054\">5. Cookies<\/h3><p data-start=\"2055\" data-end=\"2191\">Unsere Website verwendet Cookies. Das sind kleine Textdateien, die auf Ihrem Endger\u00e4t gespeichert werden. Sie richten keinen Schaden an.<\/p><p data-start=\"2193\" data-end=\"2406\">Cookies k\u00f6nnen technisch notwendig oder optional sein. Sie k\u00f6nnen Ihren Browser so einstellen, dass Sie \u00fcber das Setzen von Cookies informiert werden, Cookies nur im Einzelfall erlauben oder generell ausschlie\u00dfen.<\/p><p data-start=\"2408\" data-end=\"2642\">Die Verwendung technisch notwendiger Cookies erfolgt auf Grundlage von Art. 6 Abs. 1 lit. f DSGVO. Die Speicherung optionaler Cookies erfolgt nur mit Ihrer Einwilligung (Art. 6 Abs. 1 lit. a DSGVO), z.\u202fB. \u00fcber ein Cookie-Consent-Tool.<\/p><h3 data-start=\"2644\" data-end=\"2668\">6. Kontaktformular<\/h3><p data-start=\"2669\" data-end=\"2897\">Wenn Sie uns per Kontaktformular Anfragen zukommen lassen, werden Ihre Angaben zwecks Bearbeitung Ihrer Anfrage und f\u00fcr den Fall von Anschlussfragen bei uns gespeichert. Diese Daten geben wir nicht ohne Ihre Einwilligung weiter.<\/p><p data-start=\"2899\" data-end=\"2992\">Rechtsgrundlage: Art. 6 Abs. 1 lit. b DSGVO (Vertragserf\u00fcllung und vorvertragliche Ma\u00dfnahmen)<\/p><h3 data-start=\"2994\" data-end=\"3020\">7. Kommentarfunktion<\/h3><p data-start=\"3021\" data-end=\"3289\">Wenn Sie die Kommentarfunktion auf dieser Website nutzen, werden neben Ihrem Kommentar auch Angaben zum Zeitpunkt der Erstellung und ggf. der Nutzername gespeichert. Optional kann auch Ihre IP-Adresse erfasst werden, um im Fall von Rechtsverst\u00f6\u00dfen reagieren zu k\u00f6nnen.<\/p><p data-start=\"3291\" data-end=\"3359\">Rechtsgrundlage: Art. 6 Abs. 1 lit. f DSGVO (berechtigtes Interesse)<\/p><h3 data-start=\"3361\" data-end=\"3385\">8. Plugins und Tools<\/h3><h4 data-start=\"3387\" data-end=\"3414\">a) WordPress Plugins<\/h4><p data-start=\"3415\" data-end=\"3648\">Diese Seite nutzt g\u00e4ngige WordPress-Plugins. Je nach Einsatzbereich k\u00f6nnen dabei personenbezogene Daten verarbeitet werden. Welche Plugins konkret verwendet werden, k\u00f6nnen Sie dem Impressum oder dieser Datenschutzerkl\u00e4rung entnehmen.<\/p><h4 data-start=\"3650\" data-end=\"3692\">b) Google Fonts (lokal eingebunden)<\/h4><p data-start=\"3693\" data-end=\"3842\">Zur einheitlichen Darstellung von Schriftarten nutzen wir lokal eingebundene Google Fonts. Dabei wird keine Verbindung zu Google-Servern hergestellt.<\/p><h4 data-start=\"3844\" data-end=\"3883\">c) YouTube \/ Vimeo \/ Google Maps<\/h4><p data-start=\"3884\" data-end=\"4125\">Wenn eingebettet: Beim Aufruf eingebetteter Inhalte von Drittanbietern wie YouTube, Vimeo oder Google Maps kann eine Verbindung zu deren Servern hergestellt werden. Dabei k\u00f6nnen Daten wie Ihre IP-Adresse an diese Anbieter \u00fcbermittelt werden.<\/p><p data-start=\"4127\" data-end=\"4193\">Rechtsgrundlage: Ihre Einwilligung nach Art. 6 Abs. 1 lit. a DSGVO<\/p><h3 data-start=\"4195\" data-end=\"4215\">9. Ihre Rechte<\/h3><p data-start=\"4216\" data-end=\"4250\">Sie haben jederzeit das Recht auf:<\/p><ul data-start=\"4252\" data-end=\"4538\"><li data-start=\"4252\" data-end=\"4283\"><p data-start=\"4254\" data-end=\"4283\">Auskunft nach Art. 15 DSGVO<\/p><\/li><li data-start=\"4284\" data-end=\"4319\"><p data-start=\"4286\" data-end=\"4319\">Berichtigung nach Art. 16 DSGVO<\/p><\/li><li data-start=\"4320\" data-end=\"4351\"><p data-start=\"4322\" data-end=\"4351\">L\u00f6schung nach Art. 17 DSGVO<\/p><\/li><li data-start=\"4352\" data-end=\"4405\"><p data-start=\"4354\" data-end=\"4405\">Einschr\u00e4nkung der Verarbeitung nach Art. 18 DSGVO<\/p><\/li><li data-start=\"4406\" data-end=\"4449\"><p data-start=\"4408\" data-end=\"4449\">Daten\u00fcbertragbarkeit nach Art. 20 DSGVO<\/p><\/li><li data-start=\"4450\" data-end=\"4484\"><p data-start=\"4452\" data-end=\"4484\">Widerspruch nach Art. 21 DSGVO<\/p><\/li><li data-start=\"4485\" data-end=\"4538\"><p data-start=\"4487\" data-end=\"4538\">Widerruf einer Einwilligung (Art. 7 Abs. 3 DSGVO)<\/p><\/li><\/ul><p data-start=\"4540\" data-end=\"4603\">Bitte wenden Sie sich dazu an die oben genannte Kontaktadresse.<\/p><p data-start=\"4540\" data-end=\"4603\">\u00a0<\/p>\t\t\t\t\t\t\t\t<\/div>\n\t\t\t\t<\/div>\n\t\t\t\t\t<\/div>\n\t\t\t\t<\/div>\n\t\t\t\t<\/div>\n\t\t","protected":false},"excerpt":{"rendered":"<p>Datenschutzerkl\u00e4rung 1. Allgemeine Hinweise Der Schutz Ihrer pers\u00f6nlichen Daten ist uns ein besonderes Anliegen. Wir behandeln Ihre personenbezogenen Daten vertraulich und entsprechend der gesetzlichen Datenschutzvorschriften sowie dieser Datenschutzerkl\u00e4rung. Wenn Sie diese Website benutzen, werden verschiedene personenbezogene Daten erhoben. Personenbezogene Daten sind Daten, mit denen Sie pers\u00f6nlich identifiziert werden k\u00f6nnen. Die vorliegende Datenschutzerkl\u00e4rung erl\u00e4utert, welche Daten [&hellip;]<\/p>\n","protected":false},"author":1,"featured_media":0,"parent":0,"menu_order":0,"comment_status":"closed","ping_status":"closed","template":"","meta":{"ocean_post_layout":"full-screen","ocean_both_sidebars_style":"","ocean_both_sidebars_content_width":0,"ocean_both_sidebars_sidebars_width":0,"ocean_sidebar":"0","ocean_second_sidebar":"0","ocean_disable_margins":"enable","ocean_add_body_class":"","ocean_shortcode_before_top_bar":"","ocean_shortcode_after_top_bar":"","ocean_shortcode_before_header":"","ocean_shortcode_after_header":"","ocean_has_shortcode":"","ocean_shortcode_after_title":"","ocean_shortcode_before_footer_widgets":"","ocean_shortcode_after_footer_widgets":"","ocean_shortcode_before_footer_bottom":"","ocean_shortcode_after_footer_bottom":"","ocean_display_top_bar":"off","ocean_display_header":"default","ocean_header_style":"","ocean_center_header_left_menu":"0","ocean_custom_header_template":"0","ocean_custom_logo":0,"ocean_custom_retina_logo":0,"ocean_custom_logo_max_width":0,"ocean_custom_logo_tablet_max_width":0,"ocean_custom_logo_mobile_max_width":0,"ocean_custom_logo_max_height":0,"ocean_custom_logo_tablet_max_height":0,"ocean_custom_logo_mobile_max_height":0,"ocean_header_custom_menu":"0","ocean_menu_typo_font_family":"0","ocean_menu_typo_font_subset":"","ocean_menu_typo_font_size":0,"ocean_menu_typo_font_size_tablet":0,"ocean_menu_typo_font_size_mobile":0,"ocean_menu_typo_font_size_unit":"px","ocean_menu_typo_font_weight":"","ocean_menu_typo_font_weight_tablet":"","ocean_menu_typo_font_weight_mobile":"","ocean_menu_typo_transform":"","ocean_menu_typo_transform_tablet":"","ocean_menu_typo_transform_mobile":"","ocean_menu_typo_line_height":0,"ocean_menu_typo_line_height_tablet":0,"ocean_menu_typo_line_height_mobile":0,"ocean_menu_typo_line_height_unit":"","ocean_menu_typo_spacing":0,"ocean_menu_typo_spacing_tablet":0,"ocean_menu_typo_spacing_mobile":0,"ocean_menu_typo_spacing_unit":"","ocean_menu_link_color":"","ocean_menu_link_color_hover":"","ocean_menu_link_color_active":"","ocean_menu_link_background":"","ocean_menu_link_hover_background":"","ocean_menu_link_active_background":"","ocean_menu_social_links_bg":"","ocean_menu_social_hover_links_bg":"","ocean_menu_social_links_color":"","ocean_menu_social_hover_links_color":"","ocean_disable_title":"on","ocean_disable_heading":"default","ocean_post_title":"","ocean_post_subheading":"","ocean_post_title_style":"","ocean_post_title_background_color":"","ocean_post_title_background":0,"ocean_post_title_bg_image_position":"","ocean_post_title_bg_image_attachment":"","ocean_post_title_bg_image_repeat":"","ocean_post_title_bg_image_size":"","ocean_post_title_height":0,"ocean_post_title_bg_overlay":0.5,"ocean_post_title_bg_overlay_color":"","ocean_disable_breadcrumbs":"default","ocean_breadcrumbs_color":"","ocean_breadcrumbs_separator_color":"","ocean_breadcrumbs_links_color":"","ocean_breadcrumbs_links_hover_color":"","ocean_display_footer_widgets":"default","ocean_display_footer_bottom":"off","ocean_custom_footer_template":"0","footnotes":""},"class_list":["post-296","page","type-page","status-publish","hentry","entry"],"_links":{"self":[{"href":"https:\/\/kurt-world.de\/index.php?rest_route=\/wp\/v2\/pages\/296","targetHints":{"allow":["GET"]}}],"collection":[{"href":"https:\/\/kurt-world.de\/index.php?rest_route=\/wp\/v2\/pages"}],"about":[{"href":"https:\/\/kurt-world.de\/index.php?rest_route=\/wp\/v2\/types\/page"}],"author":[{"embeddable":true,"href":"https:\/\/kurt-world.de\/index.php?rest_route=\/wp\/v2\/users\/1"}],"replies":[{"embeddable":true,"href":"https:\/\/kurt-world.de\/index.php?rest_route=%2Fwp%2Fv2%2Fcomments&post=296"}],"version-history":[{"count":5,"href":"https:\/\/kurt-world.de\/index.php?rest_route=\/wp\/v2\/pages\/296\/revisions"}],"predecessor-version":[{"id":532,"href":"https:\/\/kurt-world.de\/index.php?rest_route=\/wp\/v2\/pages\/296\/revisions\/532"}],"wp:attachment":[{"href":"https:\/\/kurt-world.de\/index.php?rest_route=%2Fwp%2Fv2%2Fmedia&parent=296"}],"curies":[{"name":"wp","href":"https:\/\/api.w.org\/{rel}","templated":true}]}}